{"id":2532,"date":"2024-12-12T16:37:22","date_gmt":"2024-12-12T15:37:22","guid":{"rendered":"https:\/\/nicolastrabichet.com\/?page_id=2532"},"modified":"2024-12-12T17:10:15","modified_gmt":"2024-12-12T16:10:15","slug":"carte-cadeau","status":"publish","type":"page","link":"https:\/\/nicolastrabichet.com\/index.php\/carte-cadeau\/","title":{"rendered":"Carte cadeau"},"content":{"rendered":"\t\t<div data-elementor-type=\"wp-page\" data-elementor-id=\"2532\" class=\"elementor elementor-2532\" data-elementor-post-type=\"page\">\n\t\t\t\t\t\t<section class=\"elementor-section elementor-top-section elementor-element elementor-element-45a64e89 elementor-section-height-min-height elementor-section-content-middle elementor-section-boxed elementor-section-height-default elementor-section-items-middle\" data-id=\"45a64e89\" data-element_type=\"section\" data-settings=\"{&quot;background_background&quot;:&quot;classic&quot;}\">\n\t\t\t\t\t\t\t<div class=\"elementor-background-overlay\"><\/div>\n\t\t\t\t\t\t\t<div class=\"elementor-container elementor-column-gap-no\">\n\t\t\t\t\t<div class=\"elementor-column elementor-col-100 elementor-top-column elementor-element elementor-element-20634a1c\" data-id=\"20634a1c\" data-element_type=\"column\" data-settings=\"{&quot;background_background&quot;:&quot;classic&quot;}\">\n\t\t\t<div class=\"elementor-widget-wrap elementor-element-populated\">\n\t\t\t\t\t\t<div class=\"elementor-element elementor-element-67da6e09 de_scroll_animation_no elementor-widget elementor-widget-heading\" data-id=\"67da6e09\" data-element_type=\"widget\" data-widget_type=\"heading.default\">\n\t\t\t\t<div class=\"elementor-widget-container\">\n\t\t\t\t\t<h1 class=\"elementor-heading-title elementor-size-default\">Carte cadeau<\/h1>\t\t\t\t<\/div>\n\t\t\t\t<\/div>\n\t\t\t\t\t<\/div>\n\t\t<\/div>\n\t\t\t\t\t<\/div>\n\t\t<\/section>\n\t\t\t\t<section class=\"elementor-section elementor-top-section elementor-element elementor-element-73ba5c4b elementor-section-boxed elementor-section-height-default elementor-section-height-default\" data-id=\"73ba5c4b\" data-element_type=\"section\" data-settings=\"{&quot;background_background&quot;:&quot;classic&quot;}\">\n\t\t\t\t\t\t<div class=\"elementor-container elementor-column-gap-no\">\n\t\t\t\t\t<div class=\"elementor-column elementor-col-100 elementor-top-column elementor-element elementor-element-72ca1164\" data-id=\"72ca1164\" data-element_type=\"column\">\n\t\t\t<div class=\"elementor-widget-wrap elementor-element-populated\">\n\t\t\t\t\t\t<section class=\"elementor-section elementor-inner-section elementor-element elementor-element-4f9da8c9 elementor-section-boxed elementor-section-height-default elementor-section-height-default\" data-id=\"4f9da8c9\" data-element_type=\"section\">\n\t\t\t\t\t\t<div class=\"elementor-container elementor-column-gap-no\">\n\t\t\t\t\t<div class=\"elementor-column elementor-col-100 elementor-inner-column elementor-element elementor-element-6ae5c3ec\" data-id=\"6ae5c3ec\" data-element_type=\"column\">\n\t\t\t<div class=\"elementor-widget-wrap elementor-element-populated\">\n\t\t\t\t\t\t<div class=\"elementor-element elementor-element-3211b870 de_scroll_animation_no elementor-widget elementor-widget-heading\" data-id=\"3211b870\" data-element_type=\"widget\" data-widget_type=\"heading.default\">\n\t\t\t\t<div class=\"elementor-widget-container\">\n\t\t\t\t\t<h2 class=\"elementor-heading-title elementor-size-default\">Une envie d'offrir<\/h2>\t\t\t\t<\/div>\n\t\t\t\t<\/div>\n\t\t\t\t\t<\/div>\n\t\t<\/div>\n\t\t\t\t\t<\/div>\n\t\t<\/section>\n\t\t\t\t<div class=\"elementor-element elementor-element-5e19ea30 de_scroll_animation_no elementor-widget elementor-widget-heading\" data-id=\"5e19ea30\" data-element_type=\"widget\" data-widget_type=\"heading.default\">\n\t\t\t\t<div class=\"elementor-widget-container\">\n\t\t\t\t\t<h5 class=\"elementor-heading-title elementor-size-default\"><p><strong>Offrez un moment unique au c\u0153ur de la nature avec un bon cadeau<\/strong><span style=\"color: var( --e-global-color-primary );font-family: var( --e-global-typography-06e646b-font-family ), Sans-serif;font-size: var( --e-global-typography-06e646b-font-size );font-weight: var( --e-global-typography-06e646b-font-weight );letter-spacing: var( --e-global-typography-06e646b-letter-spacing )\"><\/span><\/p><\/h5>\t\t\t\t<\/div>\n\t\t\t\t<\/div>\n\t\t\t\t<div class=\"elementor-element elementor-element-1e16f3d2 elementor-widget-divider--view-line de_scroll_animation_no elementor-widget elementor-widget-divider\" data-id=\"1e16f3d2\" data-element_type=\"widget\" data-widget_type=\"divider.default\">\n\t\t\t\t<div class=\"elementor-widget-container\">\n\t\t\t\t\t\t\t<div class=\"elementor-divider\">\n\t\t\t<span class=\"elementor-divider-separator\">\n\t\t\t\t\t\t<\/span>\n\t\t<\/div>\n\t\t\t\t\t\t<\/div>\n\t\t\t\t<\/div>\n\t\t\t\t<div class=\"elementor-element elementor-element-5a002d25 de_scroll_animation_no elementor-widget elementor-widget-text-editor\" data-id=\"5a002d25\" data-element_type=\"widget\" data-widget_type=\"text-editor.default\">\n\t\t\t\t<div class=\"elementor-widget-container\">\n\t\t\t\t\t\t\t\t\t<p style=\"margin: 0px\">Faites plaisir \u00e0 vos proches en leur offrant une exp\u00e9rience inoubliable en immersion !<br \/>Les stages\u00a0sont l\u2019occasion parfaite pour explorer la nature, mieux comprendre les esp\u00e8ces qui nous entourent, et vivre des instants magiques au plus pr\u00e8s des animaux.<\/p>\t\t\t\t\t\t\t\t<\/div>\n\t\t\t\t<\/div>\n\t\t\t\t<div class=\"elementor-element elementor-element-2dcf786a de_scroll_animation_no elementor-widget elementor-widget-heading\" data-id=\"2dcf786a\" data-element_type=\"widget\" data-widget_type=\"heading.default\">\n\t\t\t\t<div class=\"elementor-widget-container\">\n\t\t\t\t\t<h6 class=\"elementor-heading-title elementor-size-default\">Contactez-moi pour plus d'informations par mail : <u>nicolastrabichetphotographie@gmail.com<\/u> ou par t\u00e9l\u00e9phone : <u>+(33) 6 34 82 77 06\u200b<\/u><\/h6>\t\t\t\t<\/div>\n\t\t\t\t<\/div>\n\t\t\t\t<div class=\"elementor-element elementor-element-2c88d638 elementor-align-center de_scroll_animation_no elementor-widget elementor-widget-button\" data-id=\"2c88d638\" data-element_type=\"widget\" data-widget_type=\"button.default\">\n\t\t\t\t<div class=\"elementor-widget-container\">\n\t\t\t\t\t\t\t\t\t<div class=\"elementor-button-wrapper\">\n\t\t\t\t\t<a class=\"elementor-button elementor-button-link elementor-size-sm\" href=\"https:\/\/nicolastrabichet.com\/index.php\/contact\/\">\n\t\t\t\t\t\t<span class=\"elementor-button-content-wrapper\">\n\t\t\t\t\t\t\t\t\t<span class=\"elementor-button-text\">Cliquez ici<\/span>\n\t\t\t\t\t<\/span>\n\t\t\t\t\t<\/a>\n\t\t\t\t<\/div>\n\t\t\t\t\t\t\t\t<\/div>\n\t\t\t\t<\/div>\n\t\t\t\t\t<\/div>\n\t\t<\/div>\n\t\t\t\t\t<\/div>\n\t\t<\/section>\n\t\t<div class=\"elementor-element elementor-element-ffd9021 e-flex e-con-boxed e-con e-parent\" data-id=\"ffd9021\" data-element_type=\"container\">\n\t\t\t\t\t<div class=\"e-con-inner\">\n\t\t\t\t<div class=\"elementor-element elementor-element-6c7fd8d de_scroll_animation_no elementor-widget elementor-widget-image\" data-id=\"6c7fd8d\" data-element_type=\"widget\" data-widget_type=\"image.default\">\n\t\t\t\t<div class=\"elementor-widget-container\">\n\t\t\t\t\t\t\t\t\t\t\t\t\t\t\t<img fetchpriority=\"high\" decoding=\"async\" width=\"800\" height=\"380\" src=\"https:\/\/nicolastrabichet.com\/wp-content\/uploads\/2024\/12\/Carte-cadeau-1024x486.png\" class=\"attachment-large size-large wp-image-2559\" alt=\"\" srcset=\"https:\/\/nicolastrabichet.com\/wp-content\/uploads\/2024\/12\/Carte-cadeau-1024x486.png 1024w, https:\/\/nicolastrabichet.com\/wp-content\/uploads\/2024\/12\/Carte-cadeau-300x143.png 300w, https:\/\/nicolastrabichet.com\/wp-content\/uploads\/2024\/12\/Carte-cadeau-768x365.png 768w, https:\/\/nicolastrabichet.com\/wp-content\/uploads\/2024\/12\/Carte-cadeau-1536x730.png 1536w, https:\/\/nicolastrabichet.com\/wp-content\/uploads\/2024\/12\/Carte-cadeau-1320x627.png 1320w, https:\/\/nicolastrabichet.com\/wp-content\/uploads\/2024\/12\/Carte-cadeau-600x285.png 600w, https:\/\/nicolastrabichet.com\/wp-content\/uploads\/2024\/12\/Carte-cadeau.png 2000w\" sizes=\"(max-width: 800px) 100vw, 800px\" \/>\t\t\t\t\t\t\t\t\t\t\t\t\t\t\t<\/div>\n\t\t\t\t<\/div>\n\t\t\t\t\t<\/div>\n\t\t\t\t<\/div>\n\t\t\t\t<\/div>\n\t\t","protected":false},"excerpt":{"rendered":"<p>Carte cadeau Une envie d&#8217;offrir Offrez un moment unique au c\u0153ur de la nature avec un bon cadeau Faites plaisir \u00e0 vos proches en leur offrant une exp\u00e9rience inoubliable en immersion !Les stages\u00a0sont l\u2019occasion parfaite pour explorer la nature, mieux comprendre les esp\u00e8ces qui nous entourent, et vivre des instants magiques au plus pr\u00e8s des [&hellip;]<\/p>\n","protected":false},"author":2,"featured_media":0,"parent":0,"menu_order":0,"comment_status":"closed","ping_status":"closed","template":"","meta":{"footnotes":""},"class_list":["post-2532","page","type-page","status-publish","hentry"],"aioseo_notices":[],"jetpack_sharing_enabled":true,"_links":{"self":[{"href":"https:\/\/nicolastrabichet.com\/index.php\/wp-json\/wp\/v2\/pages\/2532","targetHints":{"allow":["GET"]}}],"collection":[{"href":"https:\/\/nicolastrabichet.com\/index.php\/wp-json\/wp\/v2\/pages"}],"about":[{"href":"https:\/\/nicolastrabichet.com\/index.php\/wp-json\/wp\/v2\/types\/page"}],"author":[{"embeddable":true,"href":"https:\/\/nicolastrabichet.com\/index.php\/wp-json\/wp\/v2\/users\/2"}],"replies":[{"embeddable":true,"href":"https:\/\/nicolastrabichet.com\/index.php\/wp-json\/wp\/v2\/comments?post=2532"}],"version-history":[{"count":35,"href":"https:\/\/nicolastrabichet.com\/index.php\/wp-json\/wp\/v2\/pages\/2532\/revisions"}],"predecessor-version":[{"id":2585,"href":"https:\/\/nicolastrabichet.com\/index.php\/wp-json\/wp\/v2\/pages\/2532\/revisions\/2585"}],"wp:attachment":[{"href":"https:\/\/nicolastrabichet.com\/index.php\/wp-json\/wp\/v2\/media?parent=2532"}],"curies":[{"name":"wp","href":"https:\/\/api.w.org\/{rel}","templated":true}]}}