{"id":295,"date":"2024-02-06T22:19:58","date_gmt":"2024-02-06T21:19:58","guid":{"rendered":"https:\/\/nicolastrabichet.com\/?page_id=295"},"modified":"2024-04-04T17:21:52","modified_gmt":"2024-04-04T15:21:52","slug":"a-propos","status":"publish","type":"page","link":"https:\/\/nicolastrabichet.com\/index.php\/a-propos\/","title":{"rendered":"\u00c0 propos"},"content":{"rendered":"\t\t<div data-elementor-type=\"wp-page\" data-elementor-id=\"295\" class=\"elementor elementor-295\" data-elementor-post-type=\"page\">\n\t\t\t\t\t\t<section class=\"elementor-section elementor-top-section elementor-element elementor-element-278ad511 elementor-section-height-min-height elementor-section-boxed elementor-section-height-default elementor-section-items-middle\" data-id=\"278ad511\" data-element_type=\"section\" data-settings=\"{&quot;background_background&quot;:&quot;classic&quot;}\">\n\t\t\t\t\t\t\t<div class=\"elementor-background-overlay\"><\/div>\n\t\t\t\t\t\t\t<div class=\"elementor-container elementor-column-gap-default\">\n\t\t\t\t\t<div class=\"elementor-column elementor-col-100 elementor-top-column elementor-element elementor-element-54904fd1\" data-id=\"54904fd1\" data-element_type=\"column\">\n\t\t\t<div class=\"elementor-widget-wrap elementor-element-populated\">\n\t\t\t\t\t\t<div class=\"elementor-element elementor-element-362c5341 de_scroll_animation_no elementor-invisible elementor-widget elementor-widget-heading\" data-id=\"362c5341\" data-element_type=\"widget\" data-settings=\"{&quot;_animation&quot;:&quot;fadeIn&quot;}\" data-widget_type=\"heading.default\">\n\t\t\t\t<div class=\"elementor-widget-container\">\n\t\t\t\t\t<h2 class=\"elementor-heading-title elementor-size-default\">\u00c0 propos<\/h2>\t\t\t\t<\/div>\n\t\t\t\t<\/div>\n\t\t\t\t\t<\/div>\n\t\t<\/div>\n\t\t\t\t\t<\/div>\n\t\t<\/section>\n\t\t\t\t<section class=\"elementor-section elementor-top-section elementor-element elementor-element-c73bf76 elementor-reverse-tablet elementor-reverse-mobile elementor-section-boxed elementor-section-height-default elementor-section-height-default\" data-id=\"c73bf76\" data-element_type=\"section\" data-settings=\"{&quot;background_background&quot;:&quot;classic&quot;}\">\n\t\t\t\t\t\t<div class=\"elementor-container elementor-column-gap-default\">\n\t\t\t\t\t<div class=\"elementor-column elementor-col-50 elementor-top-column elementor-element elementor-element-4dd75cb0 elementor-invisible\" data-id=\"4dd75cb0\" data-element_type=\"column\" data-settings=\"{&quot;background_background&quot;:&quot;classic&quot;,&quot;animation&quot;:&quot;fadeIn&quot;}\">\n\t\t\t<div class=\"elementor-widget-wrap elementor-element-populated\">\n\t\t\t\t\t\t<div class=\"elementor-element elementor-element-79d27cb6 de_scroll_animation_no elementor-invisible elementor-widget elementor-widget-image\" data-id=\"79d27cb6\" data-element_type=\"widget\" data-settings=\"{&quot;_animation&quot;:&quot;fadeIn&quot;,&quot;_animation_delay&quot;:200}\" data-widget_type=\"image.default\">\n\t\t\t\t<div class=\"elementor-widget-container\">\n\t\t\t\t\t\t\t\t\t\t\t\t\t\t\t<img fetchpriority=\"high\" decoding=\"async\" width=\"400\" height=\"600\" src=\"https:\/\/nicolastrabichet.com\/wp-content\/uploads\/2024\/02\/IMG_4477-copie.jpg\" class=\"attachment-large size-large wp-image-319\" alt=\"\" srcset=\"https:\/\/nicolastrabichet.com\/wp-content\/uploads\/2024\/02\/IMG_4477-copie.jpg 400w, https:\/\/nicolastrabichet.com\/wp-content\/uploads\/2024\/02\/IMG_4477-copie-200x300.jpg 200w\" sizes=\"(max-width: 400px) 100vw, 400px\" \/>\t\t\t\t\t\t\t\t\t\t\t\t\t\t\t<\/div>\n\t\t\t\t<\/div>\n\t\t\t\t\t<\/div>\n\t\t<\/div>\n\t\t\t\t<div class=\"elementor-column elementor-col-50 elementor-top-column elementor-element elementor-element-114b8eaf\" data-id=\"114b8eaf\" data-element_type=\"column\">\n\t\t\t<div class=\"elementor-widget-wrap elementor-element-populated\">\n\t\t\t\t\t\t<div class=\"elementor-element elementor-element-2abb0e37 de_scroll_animation_no elementor-invisible elementor-widget elementor-widget-text-editor\" data-id=\"2abb0e37\" data-element_type=\"widget\" data-settings=\"{&quot;_animation&quot;:&quot;fadeIn&quot;}\" data-widget_type=\"text-editor.default\">\n\t\t\t\t<div class=\"elementor-widget-container\">\n\t\t\t\t\t\t\t\t\t<p>Nicolas Trabichet<\/p><p>\u00a0<\/p>\t\t\t\t\t\t\t\t<\/div>\n\t\t\t\t<\/div>\n\t\t\t\t<div class=\"elementor-element elementor-element-2cfc1a59 de_scroll_animation_no elementor-invisible elementor-widget elementor-widget-heading\" data-id=\"2cfc1a59\" data-element_type=\"widget\" data-settings=\"{&quot;_animation&quot;:&quot;fadeIn&quot;,&quot;_animation_delay&quot;:200}\" data-widget_type=\"heading.default\">\n\t\t\t\t<div class=\"elementor-widget-container\">\n\t\t\t\t\t<h2 class=\"elementor-heading-title elementor-size-default\">Photographe naturaliste<\/h2>\t\t\t\t<\/div>\n\t\t\t\t<\/div>\n\t\t\t\t<div class=\"elementor-element elementor-element-2a93fc03 de_scroll_animation_no elementor-invisible elementor-widget elementor-widget-text-editor\" data-id=\"2a93fc03\" data-element_type=\"widget\" data-settings=\"{&quot;_animation&quot;:&quot;fadeIn&quot;,&quot;_animation_delay&quot;:400}\" data-widget_type=\"text-editor.default\">\n\t\t\t\t<div class=\"elementor-widget-container\">\n\t\t\t\t\t\t\t\t\t<p><span>Je m\u2019appelle Nicolas Trabichet, j\u2019ai 21 ans et je suis n\u00e9 \u00e0 Annecy, en Haute-Savoie. Berceau de ma passion, j\u2019ai grandi entour\u00e9 d&#8217;une nature pr\u00e9serv\u00e9e et d&#8217;une faune vari\u00e9e. D\u00e8s mon plus jeune \u00e2ge, je passais de longues heures \u00e0 explorer les montagnes, les for\u00eats et les rives du lac d&#8217;Annecy, cherchant \u00e0 capturer les moments les plus magiques de la vie sauvage. Ces escapades ont fa\u00e7onn\u00e9 mon regard et ont d\u00e9velopp\u00e9 en moi une sensibilit\u00e9 particuli\u00e8re pour la beaut\u00e9 de la nature et des animaux qui y vivent.Au fil du temps, ma passion pour la photographie animali\u00e8re s&#8217;est intensifi\u00e9e, et j\u2019ai rapidement compris que capturer ces instants fugaces n\u00e9cessitait bien plus que de simples comp\u00e9tences techniques. <\/span><\/p><p>Pour moi, la photographie est une mani\u00e8re de communiquer avec la faune sauvage, de comprendre ses habitudes et de partager des moments d&#8217;intimit\u00e9 avec des cr\u00e9atures souvent farouches. En tant que natif d&#8217;Annecy, je ressens une connexion particuli\u00e8re avec cette r\u00e9gion pittoresque, et je continue \u00e0 explorer inlassablement les paysages alpins et les recoins secrets de ma Terre-Natale. J\u2019esp\u00e8re aussi que mes photographies contribueront \u00e0 sensibiliser les gens \u00e0 la pr\u00e9servation de la nature et \u00e0 la protection des esp\u00e8ces sauvages.<\/p><p>\u00a0<\/p>\t\t\t\t\t\t\t\t<\/div>\n\t\t\t\t<\/div>\n\t\t\t\t\t<\/div>\n\t\t<\/div>\n\t\t\t\t\t<\/div>\n\t\t<\/section>\n\t\t\t\t<\/div>\n\t\t","protected":false},"excerpt":{"rendered":"<p>\u00c0 propos Nicolas Trabichet \u00a0 Photographe naturaliste Je m\u2019appelle Nicolas Trabichet, j\u2019ai 21 ans et je suis n\u00e9 \u00e0 Annecy, en Haute-Savoie. Berceau de ma passion, j\u2019ai grandi entour\u00e9 d&#8217;une nature pr\u00e9serv\u00e9e et d&#8217;une faune vari\u00e9e. D\u00e8s mon plus jeune \u00e2ge, je passais de longues heures \u00e0 explorer les montagnes, les for\u00eats et les rives [&hellip;]<\/p>\n","protected":false},"author":2,"featured_media":0,"parent":0,"menu_order":0,"comment_status":"closed","ping_status":"closed","template":"elementor_header_footer","meta":{"footnotes":""},"class_list":["post-295","page","type-page","status-publish","hentry"],"aioseo_notices":[],"jetpack_sharing_enabled":true,"_links":{"self":[{"href":"https:\/\/nicolastrabichet.com\/index.php\/wp-json\/wp\/v2\/pages\/295","targetHints":{"allow":["GET"]}}],"collection":[{"href":"https:\/\/nicolastrabichet.com\/index.php\/wp-json\/wp\/v2\/pages"}],"about":[{"href":"https:\/\/nicolastrabichet.com\/index.php\/wp-json\/wp\/v2\/types\/page"}],"author":[{"embeddable":true,"href":"https:\/\/nicolastrabichet.com\/index.php\/wp-json\/wp\/v2\/users\/2"}],"replies":[{"embeddable":true,"href":"https:\/\/nicolastrabichet.com\/index.php\/wp-json\/wp\/v2\/comments?post=295"}],"version-history":[{"count":52,"href":"https:\/\/nicolastrabichet.com\/index.php\/wp-json\/wp\/v2\/pages\/295\/revisions"}],"predecessor-version":[{"id":1359,"href":"https:\/\/nicolastrabichet.com\/index.php\/wp-json\/wp\/v2\/pages\/295\/revisions\/1359"}],"wp:attachment":[{"href":"https:\/\/nicolastrabichet.com\/index.php\/wp-json\/wp\/v2\/media?parent=295"}],"curies":[{"name":"wp","href":"https:\/\/api.w.org\/{rel}","templated":true}]}}