{"id":3,"date":"2024-01-30T19:08:47","date_gmt":"2024-01-30T18:08:47","guid":{"rendered":"http:\/\/nicolastrabichet.com\/?page_id=3"},"modified":"2024-03-29T15:13:17","modified_gmt":"2024-03-29T14:13:17","slug":"politique-de-confidentialite","status":"publish","type":"page","link":"https:\/\/nicolastrabichet.com\/index.php\/politique-de-confidentialite\/","title":{"rendered":"Politique de confidentialit\u00e9"},"content":{"rendered":"\t\t<div data-elementor-type=\"wp-page\" data-elementor-id=\"3\" class=\"elementor elementor-3\" data-elementor-post-type=\"page\">\n\t\t\t\t\t\t<section class=\"elementor-section elementor-top-section elementor-element elementor-element-2e69968a elementor-section-height-min-height elementor-section-boxed elementor-section-height-default elementor-section-items-middle\" data-id=\"2e69968a\" data-element_type=\"section\" data-settings=\"{&quot;background_background&quot;:&quot;classic&quot;}\">\n\t\t\t\t\t\t\t<div class=\"elementor-background-overlay\"><\/div>\n\t\t\t\t\t\t\t<div class=\"elementor-container elementor-column-gap-default\">\n\t\t\t\t\t<div class=\"elementor-column elementor-col-100 elementor-top-column elementor-element elementor-element-351e4251\" data-id=\"351e4251\" data-element_type=\"column\">\n\t\t\t<div class=\"elementor-widget-wrap elementor-element-populated\">\n\t\t\t\t\t\t<div class=\"elementor-element elementor-element-5e9e23e7 de_scroll_animation_no elementor-invisible elementor-widget elementor-widget-heading\" data-id=\"5e9e23e7\" data-element_type=\"widget\" data-settings=\"{&quot;_animation&quot;:&quot;fadeIn&quot;}\" data-widget_type=\"heading.default\">\n\t\t\t\t<div class=\"elementor-widget-container\">\n\t\t\t\t\t<h2 class=\"elementor-heading-title elementor-size-default\">Politique de confidentialit\u00e9<\/h2>\t\t\t\t<\/div>\n\t\t\t\t<\/div>\n\t\t\t\t\t<\/div>\n\t\t<\/div>\n\t\t\t\t\t<\/div>\n\t\t<\/section>\n\t\t<div class=\"elementor-element elementor-element-26f9a04 e-flex e-con-boxed e-con e-parent\" data-id=\"26f9a04\" data-element_type=\"container\">\n\t\t\t\t\t<div class=\"e-con-inner\">\n\t\t\t\t<div class=\"elementor-element elementor-element-f77e8c0 de_scroll_animation_no elementor-widget elementor-widget-text-editor\" data-id=\"f77e8c0\" data-element_type=\"widget\" data-widget_type=\"text-editor.default\">\n\t\t\t\t<div class=\"elementor-widget-container\">\n\t\t\t\t\t\t\t\t\tLa politique \u00e9nonc\u00e9e ci-apr\u00e8s s\u2019applique aux traitements de donn\u00e9es personnelles effectu\u00e9s par Nicolas Trabichet Photographie qui est un site de commerce en ligne accessible par Internet \u00e0 l\u2019adresse\u00a0 <a href=\"https:\/\/nicolastrabichet.com\/\" target=\"_blank\" rel=\"nofollow noopener\" style=\"color: #261A08\">https:\/\/nicolastrabichet.com\/<\/a> <br>Il est \u00e9dit\u00e9 et d\u00e9tenu par Nicolas Trabichet.\t\t\t\t\t\t\t\t<\/div>\n\t\t\t\t<\/div>\n\t\t\t\t\t<\/div>\n\t\t\t\t<\/div>\n\t\t<div class=\"elementor-element elementor-element-00fc9ce e-flex e-con-boxed e-con e-parent\" data-id=\"00fc9ce\" data-element_type=\"container\">\n\t\t\t\t\t<div class=\"e-con-inner\">\n\t\t\t\t<div class=\"elementor-element elementor-element-2d4bc83 de_scroll_animation_no elementor-widget elementor-widget-heading\" data-id=\"2d4bc83\" data-element_type=\"widget\" data-widget_type=\"heading.default\">\n\t\t\t\t<div class=\"elementor-widget-container\">\n\t\t\t\t\t<h3 class=\"elementor-heading-title elementor-size-default\">Cadre juridique - conformit\u00e9 au RGPD (Europe) et \u00e0 la loi fran\u00e7aise<\/h3>\t\t\t\t<\/div>\n\t\t\t\t<\/div>\n\t\t\t\t<div class=\"elementor-element elementor-element-ac5788e de_scroll_animation_no elementor-widget elementor-widget-text-editor\" data-id=\"ac5788e\" data-element_type=\"widget\" data-widget_type=\"text-editor.default\">\n\t\t\t\t<div class=\"elementor-widget-container\">\n\t\t\t\t\t\t\t\t\t<p>Le responsable du traitement d\u00e9clare qu\u2019il effectue des traitements de donn\u00e9es personnelles conform\u00e9ment au r\u00e8glement (UE) 2016\/679 du Parlement europ\u00e9en et du Conseil du 27 avril 2016, relatif \u00e0 la protection des personnes physiques \u00e0 l\u2019\u00e9gard du traitement des donn\u00e9es \u00e0 caract\u00e8re personnel et \u00e0 la libre circulation de ces donn\u00e9es (ci-apr\u00e8s d\u00e9sign\u00e9 le RGPD) et \u00e0 loi fran\u00e7aise n\u00b0 78-17 du 6 janvier 1978 relative \u00e0 l\u2019informatique, aux fichiers et aux libert\u00e9s (modifi\u00e9e).<\/p>\t\t\t\t\t\t\t\t<\/div>\n\t\t\t\t<\/div>\n\t\t\t\t\t<\/div>\n\t\t\t\t<\/div>\n\t\t<div class=\"elementor-element elementor-element-9211c1a e-flex e-con-boxed e-con e-parent\" data-id=\"9211c1a\" data-element_type=\"container\">\n\t\t\t\t\t<div class=\"e-con-inner\">\n\t\t\t\t<div class=\"elementor-element elementor-element-bd2f206 de_scroll_animation_no elementor-widget elementor-widget-heading\" data-id=\"bd2f206\" data-element_type=\"widget\" data-widget_type=\"heading.default\">\n\t\t\t\t<div class=\"elementor-widget-container\">\n\t\t\t\t\t<h3 class=\"elementor-heading-title elementor-size-default\">Cadre juridique - conformit\u00e9 \u00e0 la LPD (Suisse) et nLPD<\/h3>\t\t\t\t<\/div>\n\t\t\t\t<\/div>\n\t\t\t\t<div class=\"elementor-element elementor-element-3ccbb6c de_scroll_animation_no elementor-widget elementor-widget-text-editor\" data-id=\"3ccbb6c\" data-element_type=\"widget\" data-widget_type=\"text-editor.default\">\n\t\t\t\t<div class=\"elementor-widget-container\">\n\t\t\t\t\t\t\t\t\t<p>Le responsable du traitement d\u00e9clare qu\u2019il effectue des traitements de donn\u00e9es personnelles conform\u00e9ment \u00e0 la Loi F\u00e9d\u00e9rale sur la Protection des Donn\u00e9es LPD adopt\u00e9es par l\u2019Assembl\u00e9e F\u00e9d\u00e9rale de la Conf\u00e9d\u00e9ration Suisse du 25 septembre 2020, relatif \u00e0 la protection des personnes physiques \u00e0 l\u2019\u00e9gard du traitement des donn\u00e9es \u00e0 caract\u00e8re personnel et \u00e0 la libre circulation de ces donn\u00e9es. Les articles de loi sont disponibles ici <a style=\"color: #261a08\" href=\"https:\/\/fedlex.data.admin.ch\/filestore\/fedlex.data.admin.ch\/eli\/fga\/2020\/1998\/fr\/pdf-x\/fedlex-data-admin-ch-eli-fga-2020-1998-fr-pdf-x.pdf\" target=\"_blank\" rel=\"nofollow noopener\">Fedlex<\/a><\/p><p>\u00a0<\/p><p>D\u00e8s le 01 septembre 2023, la nLPD, nouvelle l\u00e9gislation suisse sur la protection des donn\u00e9es est appliqu\u00e9e et disponible ici <a style=\"color: #261a08\" href=\"https:\/\/www.edoeb.admin.ch\/edoeb\/fr\/home\/datenschutz\/grundlagen\/ndsg.html\" target=\"_blank\" rel=\"nofollow noopener\">Edoeb.<\/a><\/p>\t\t\t\t\t\t\t\t<\/div>\n\t\t\t\t<\/div>\n\t\t\t\t\t<\/div>\n\t\t\t\t<\/div>\n\t\t<div class=\"elementor-element elementor-element-518a9f1 e-flex e-con-boxed e-con e-parent\" data-id=\"518a9f1\" data-element_type=\"container\">\n\t\t\t\t\t<div class=\"e-con-inner\">\n\t\t\t\t<div class=\"elementor-element elementor-element-589c6f3 de_scroll_animation_no elementor-widget elementor-widget-heading\" data-id=\"589c6f3\" data-element_type=\"widget\" data-widget_type=\"heading.default\">\n\t\t\t\t<div class=\"elementor-widget-container\">\n\t\t\t\t\t<h3 class=\"elementor-heading-title elementor-size-default\">Dur\u00e9e de conservation des donn\u00e9es \u00e0 caract\u00e8re personnel<\/h3>\t\t\t\t<\/div>\n\t\t\t\t<\/div>\n\t\t\t\t<div class=\"elementor-element elementor-element-ff6a6a2 de_scroll_animation_no elementor-widget elementor-widget-text-editor\" data-id=\"ff6a6a2\" data-element_type=\"widget\" data-widget_type=\"text-editor.default\">\n\t\t\t\t<div class=\"elementor-widget-container\">\n\t\t\t\t\t\t\t\t\t<p>Les donn\u00e9es seront conserv\u00e9es pendant une dur\u00e9e de 3 ans \u00e0 compter de leur collecte.<\/p>\t\t\t\t\t\t\t\t<\/div>\n\t\t\t\t<\/div>\n\t\t\t\t\t<\/div>\n\t\t\t\t<\/div>\n\t\t<div class=\"elementor-element elementor-element-268104d e-flex e-con-boxed e-con e-parent\" data-id=\"268104d\" data-element_type=\"container\">\n\t\t\t\t\t<div class=\"e-con-inner\">\n\t\t\t\t<div class=\"elementor-element elementor-element-c06c528 de_scroll_animation_no elementor-widget elementor-widget-heading\" data-id=\"c06c528\" data-element_type=\"widget\" data-widget_type=\"heading.default\">\n\t\t\t\t<div class=\"elementor-widget-container\">\n\t\t\t\t\t<h3 class=\"elementor-heading-title elementor-size-default\">Droits de la personne dont les donn\u00e9es sont collect\u00e9es<\/h3>\t\t\t\t<\/div>\n\t\t\t\t<\/div>\n\t\t\t\t<div class=\"elementor-element elementor-element-ad08c4f de_scroll_animation_no elementor-widget elementor-widget-text-editor\" data-id=\"ad08c4f\" data-element_type=\"widget\" data-widget_type=\"text-editor.default\">\n\t\t\t\t<div class=\"elementor-widget-container\">\n\t\t\t\t\t\t\t\t\t<p>La personne dont les donn\u00e9es personnelles sont collect\u00e9es a le droit :<\/p><ul><li>de demander au responsable du traitement l\u2019acc\u00e8s aux donn\u00e9es \u00e0 caract\u00e8re personnel, la rectifi\u00adcation ou l\u2019effacement de celles-ci, ou une limitation du traitement relatif \u00e0 la personne concern\u00e9e,<\/li><li>de s\u2019opposer au traitement,<\/li><li>\u00e0 la portabilit\u00e9 de ses donn\u00e9es,<\/li><li>d\u2019introduire une r\u00e9clamation aupr\u00e8s d\u2019une autorit\u00e9 de contr\u00f4le,<\/li><li>de retirer son consentement \u00e0 tout moment, sans porter atteinte \u00e0 la lic\u00e9it\u00e9 du traitement fond\u00e9 sur le consentement effectu\u00e9 avant le retrait de celui-ci, ce droit existant exclusivement lorsque le traitement est fond\u00e9 sur l\u2019article 6, paragraphe 1, point a), ou sur l\u2019article 9, paragraphe 2, point a) du RGPD, c\u2019est-\u00e0-dire sur le consentement de la personne concern\u00e9e au traitement de ses donn\u00e9es \u00e0 caract\u00e8re personnel pour une ou plusieurs finalit\u00e9s sp\u00e9cifiques.<\/li><\/ul>\t\t\t\t\t\t\t\t<\/div>\n\t\t\t\t<\/div>\n\t\t\t\t\t<\/div>\n\t\t\t\t<\/div>\n\t\t<div class=\"elementor-element elementor-element-8844246 e-flex e-con-boxed e-con e-parent\" data-id=\"8844246\" data-element_type=\"container\">\n\t\t\t\t\t<div class=\"e-con-inner\">\n\t\t\t\t<div class=\"elementor-element elementor-element-61656f5 de_scroll_animation_no elementor-widget elementor-widget-heading\" data-id=\"61656f5\" data-element_type=\"widget\" data-widget_type=\"heading.default\">\n\t\t\t\t<div class=\"elementor-widget-container\">\n\t\t\t\t\t<h3 class=\"elementor-heading-title elementor-size-default\">Exercice des droits de la personne dont les donn\u00e9es sont collect\u00e9es<\/h3>\t\t\t\t<\/div>\n\t\t\t\t<\/div>\n\t\t\t\t<div class=\"elementor-element elementor-element-c3e2e1b de_scroll_animation_no elementor-widget elementor-widget-text-editor\" data-id=\"c3e2e1b\" data-element_type=\"widget\" data-widget_type=\"text-editor.default\">\n\t\t\t\t<div class=\"elementor-widget-container\">\n\t\t\t\t\t\t\t\t\tPour exercer ses droits ou pour toute question sur le traitement de vos donn\u00e9es dans ce dispositif, vous pouvez contacter la responsable \u00e0 la protection des donn\u00e9es Nicolas Trabichet <a href=\"mailto:info@nicolastrabichet.com\" style=\"color: #261A08\">info@nicolastrabichet.com<\/a>\n\t\t\t\t\t\t\t\t<\/div>\n\t\t\t\t<\/div>\n\t\t\t\t\t<\/div>\n\t\t\t\t<\/div>\n\t\t<div class=\"elementor-element elementor-element-4916ab8 e-flex e-con-boxed e-con e-parent\" data-id=\"4916ab8\" data-element_type=\"container\">\n\t\t\t\t\t<div class=\"e-con-inner\">\n\t\t\t\t<div class=\"elementor-element elementor-element-2bb24f6 de_scroll_animation_no elementor-widget elementor-widget-heading\" data-id=\"2bb24f6\" data-element_type=\"widget\" data-widget_type=\"heading.default\">\n\t\t\t\t<div class=\"elementor-widget-container\">\n\t\t\t\t\t<h3 class=\"elementor-heading-title elementor-size-default\">Gestion de la relation avec nos clients<\/h3>\t\t\t\t<\/div>\n\t\t\t\t<\/div>\n\t\t\t\t<div class=\"elementor-element elementor-element-62b315a de_scroll_animation_no elementor-widget elementor-widget-text-editor\" data-id=\"62b315a\" data-element_type=\"widget\" data-widget_type=\"text-editor.default\">\n\t\t\t\t<div class=\"elementor-widget-container\">\n\t\t\t\t\t\t\t\t\t<em>Donn\u00e9es personnelles trait\u00e9es <\/em>\n<ul>\n \t<li>Nous traitons les donn\u00e9es personnelles suivantes : civilit\u00e9, pr\u00e9nom, nom, coordonn\u00e9es t\u00e9l\u00e9phoniques, adresse \u00e9lectronique, adresse postale, date de naissance, produit ou service achet\u00e9, prix d\u2019achat, remise \u00e9ventuelle, \u00e9ventuelle offre promotionnelle, date et lieu d\u2019achat, lieu de livraison, canal de distribution, modalit\u00e9s de paiement, informations relatives au paiement.<\/li>\n<\/ul>\n<br><em>Finalit\u00e9s <\/em>\n<ul>\n \t<li>\u00a0Le traitement est destin\u00e9 \u00e0 l\u2019ex\u00e9cution des commandes pass\u00e9es sur notre site Internet et \u00e0 la gestion de la relation avec nos clients.<\/li>\n<\/ul>\n<br><em>Base juridique <\/em>\n<ul>\n \t<li>Ce traitement est n\u00e9cessaire \u00e0 l\u2019ex\u00e9cution d\u2019un contrat auquel la personne concern\u00e9e est partie ou \u00e0 l\u2019ex\u00e9cution de mesures pr\u00e9contractuelles prises \u00e0 la demande de celle-ci. La demande de donn\u00e9es \u00e0 un caract\u00e8re contractuel. La personne concern\u00e9e est tenue de fournir ces donn\u00e9es si elle souhaite b\u00e9n\u00e9ficier de nos produits ou de nos services. Si la personne concern\u00e9e ne fournit pas les donn\u00e9es, elle ne pourra pas devenir cliente, acqu\u00e9rir nos produits ou b\u00e9n\u00e9ficier de nos services.<\/li>\n<\/ul>\t\t\t\t\t\t\t\t<\/div>\n\t\t\t\t<\/div>\n\t\t\t\t\t<\/div>\n\t\t\t\t<\/div>\n\t\t<div class=\"elementor-element elementor-element-ef3bc42 e-flex e-con-boxed e-con e-parent\" data-id=\"ef3bc42\" data-element_type=\"container\">\n\t\t\t\t\t<div class=\"e-con-inner\">\n\t\t\t\t<div class=\"elementor-element elementor-element-5e1d25d de_scroll_animation_no elementor-widget elementor-widget-heading\" data-id=\"5e1d25d\" data-element_type=\"widget\" data-widget_type=\"heading.default\">\n\t\t\t\t<div class=\"elementor-widget-container\">\n\t\t\t\t\t<h3 class=\"elementor-heading-title elementor-size-default\">Utilisation de Google Analytics<\/h3>\t\t\t\t<\/div>\n\t\t\t\t<\/div>\n\t\t\t\t<div class=\"elementor-element elementor-element-8623d2c de_scroll_animation_no elementor-widget elementor-widget-text-editor\" data-id=\"8623d2c\" data-element_type=\"widget\" data-widget_type=\"text-editor.default\">\n\t\t\t\t<div class=\"elementor-widget-container\">\n\t\t\t\t\t\t\t\t\tDonn\u00e9es personnelles trait\u00e9es \u2013 Google traite les donn\u00e9es mentionn\u00e9es dans sa politique de confidentialit\u00e9 <a href=\"https:\/\/support.google.com\/analytics\/answer\/6004245?hl=fr\" style=\"color: #261A08\" target=\"_blank\" rel=\"nofollow noopener\">(Support Google)<\/a>\n\nCes donn\u00e9es comprennent notamment l\u2019adresse IP des appareils utilis\u00e9s pour consulter le site.\n\n<br><em>Finalit\u00e9s<\/em> \u2013 Ce traitement est utilis\u00e9 \u00e0 des fins d\u2019analyse et d\u2019\u00e9tude statistique de l\u2019utilisation de notre site.\t\t\t\t\t\t\t\t<\/div>\n\t\t\t\t<\/div>\n\t\t\t\t\t<\/div>\n\t\t\t\t<\/div>\n\t\t<div class=\"elementor-element elementor-element-79e9888 e-flex e-con-boxed e-con e-parent\" data-id=\"79e9888\" data-element_type=\"container\">\n\t\t\t\t\t<div class=\"e-con-inner\">\n\t\t\t\t<div class=\"elementor-element elementor-element-ba86bab de_scroll_animation_no elementor-widget elementor-widget-heading\" data-id=\"ba86bab\" data-element_type=\"widget\" data-widget_type=\"heading.default\">\n\t\t\t\t<div class=\"elementor-widget-container\">\n\t\t\t\t\t<h3 class=\"elementor-heading-title elementor-size-default\">R\u00e9clamations<\/h3>\t\t\t\t<\/div>\n\t\t\t\t<\/div>\n\t\t\t\t<div class=\"elementor-element elementor-element-6f58db3 de_scroll_animation_no elementor-widget elementor-widget-text-editor\" data-id=\"6f58db3\" data-element_type=\"widget\" data-widget_type=\"text-editor.default\">\n\t\t\t\t<div class=\"elementor-widget-container\">\n\t\t\t\t\t\t\t\t\t<p>Si vous estimez, apr\u00e8s nous avoir contact\u00e9, que vos droits ne sont pas respect\u00e9s, vous pouvez adresser une r\u00e9clamation \u00e0 la CNIL pour l\u2019Europe et au PFPDT pour la Suisse.<\/p>\t\t\t\t\t\t\t\t<\/div>\n\t\t\t\t<\/div>\n\t\t\t\t\t<\/div>\n\t\t\t\t<\/div>\n\t\t\t\t<\/div>\n\t\t","protected":false},"excerpt":{"rendered":"<p>Politique de confidentialit\u00e9 La politique \u00e9nonc\u00e9e ci-apr\u00e8s s\u2019applique aux traitements de donn\u00e9es personnelles effectu\u00e9s par Nicolas Trabichet Photographie qui est un site de commerce en ligne accessible par Internet \u00e0 l\u2019adresse\u00a0 https:\/\/nicolastrabichet.com\/ Il est \u00e9dit\u00e9 et d\u00e9tenu par Nicolas Trabichet. Cadre juridique &#8211; conformit\u00e9 au RGPD (Europe) et \u00e0 la loi fran\u00e7aise Le responsable du [&hellip;]<\/p>\n","protected":false},"author":2,"featured_media":0,"parent":0,"menu_order":0,"comment_status":"closed","ping_status":"closed","template":"elementor_header_footer","meta":{"footnotes":""},"class_list":["post-3","page","type-page","status-publish","hentry"],"aioseo_notices":[],"jetpack_sharing_enabled":true,"_links":{"self":[{"href":"https:\/\/nicolastrabichet.com\/index.php\/wp-json\/wp\/v2\/pages\/3","targetHints":{"allow":["GET"]}}],"collection":[{"href":"https:\/\/nicolastrabichet.com\/index.php\/wp-json\/wp\/v2\/pages"}],"about":[{"href":"https:\/\/nicolastrabichet.com\/index.php\/wp-json\/wp\/v2\/types\/page"}],"author":[{"embeddable":true,"href":"https:\/\/nicolastrabichet.com\/index.php\/wp-json\/wp\/v2\/users\/2"}],"replies":[{"embeddable":true,"href":"https:\/\/nicolastrabichet.com\/index.php\/wp-json\/wp\/v2\/comments?post=3"}],"version-history":[{"count":14,"href":"https:\/\/nicolastrabichet.com\/index.php\/wp-json\/wp\/v2\/pages\/3\/revisions"}],"predecessor-version":[{"id":1207,"href":"https:\/\/nicolastrabichet.com\/index.php\/wp-json\/wp\/v2\/pages\/3\/revisions\/1207"}],"wp:attachment":[{"href":"https:\/\/nicolastrabichet.com\/index.php\/wp-json\/wp\/v2\/media?parent=3"}],"curies":[{"name":"wp","href":"https:\/\/api.w.org\/{rel}","templated":true}]}}