{"id":500,"date":"2024-02-28T10:45:32","date_gmt":"2024-02-28T09:45:32","guid":{"rendered":"https:\/\/nicolastrabichet.com\/?page_id=500"},"modified":"2025-11-23T12:45:18","modified_gmt":"2025-11-23T11:45:18","slug":"shooting-animal-de-compagnie","status":"publish","type":"page","link":"https:\/\/nicolastrabichet.com\/index.php\/stages\/shooting-animal-de-compagnie\/","title":{"rendered":"Shooting animal de compagnie"},"content":{"rendered":"\t\t<div data-elementor-type=\"wp-page\" data-elementor-id=\"500\" class=\"elementor elementor-500\" data-elementor-post-type=\"page\">\n\t\t\t\t\t\t<section class=\"elementor-section elementor-top-section elementor-element elementor-element-19021b36 elementor-section-height-min-height elementor-section-content-middle elementor-section-boxed elementor-section-height-default elementor-section-items-middle\" data-id=\"19021b36\" data-element_type=\"section\" data-settings=\"{&quot;background_background&quot;:&quot;classic&quot;}\">\n\t\t\t\t\t\t\t<div class=\"elementor-background-overlay\"><\/div>\n\t\t\t\t\t\t\t<div class=\"elementor-container elementor-column-gap-no\">\n\t\t\t\t\t<div class=\"elementor-column elementor-col-100 elementor-top-column elementor-element elementor-element-27d6c79d\" data-id=\"27d6c79d\" data-element_type=\"column\" data-settings=\"{&quot;background_background&quot;:&quot;classic&quot;}\">\n\t\t\t<div class=\"elementor-widget-wrap elementor-element-populated\">\n\t\t\t\t\t\t<div class=\"elementor-element elementor-element-16773e24 de_scroll_animation_no elementor-widget elementor-widget-heading\" data-id=\"16773e24\" data-element_type=\"widget\" data-widget_type=\"heading.default\">\n\t\t\t\t<div class=\"elementor-widget-container\">\n\t\t\t\t\t<h1 class=\"elementor-heading-title elementor-size-default\">R\u00e9servation<\/h1>\t\t\t\t<\/div>\n\t\t\t\t<\/div>\n\t\t\t\t\t<\/div>\n\t\t<\/div>\n\t\t\t\t\t<\/div>\n\t\t<\/section>\n\t\t\t\t<section class=\"elementor-section elementor-top-section elementor-element elementor-element-3909f963 elementor-section-boxed elementor-section-height-default elementor-section-height-default\" data-id=\"3909f963\" data-element_type=\"section\" data-settings=\"{&quot;background_background&quot;:&quot;classic&quot;}\">\n\t\t\t\t\t\t<div class=\"elementor-container elementor-column-gap-no\">\n\t\t\t\t\t<div class=\"elementor-column elementor-col-50 elementor-top-column elementor-element elementor-element-72c9c6be\" data-id=\"72c9c6be\" data-element_type=\"column\">\n\t\t\t<div class=\"elementor-widget-wrap elementor-element-populated\">\n\t\t\t\t\t\t<section class=\"elementor-section elementor-inner-section elementor-element elementor-element-8429d6b elementor-section-boxed elementor-section-height-default elementor-section-height-default\" data-id=\"8429d6b\" data-element_type=\"section\">\n\t\t\t\t\t\t<div class=\"elementor-container elementor-column-gap-no\">\n\t\t\t\t\t<div class=\"elementor-column elementor-col-100 elementor-inner-column elementor-element elementor-element-35a52187\" data-id=\"35a52187\" data-element_type=\"column\">\n\t\t\t<div class=\"elementor-widget-wrap elementor-element-populated\">\n\t\t\t\t\t\t<div class=\"elementor-element elementor-element-6c9c603e de_scroll_animation_no elementor-widget elementor-widget-heading\" data-id=\"6c9c603e\" data-element_type=\"widget\" data-widget_type=\"heading.default\">\n\t\t\t\t<div class=\"elementor-widget-container\">\n\t\t\t\t\t<h2 class=\"elementor-heading-title elementor-size-default\">Shooting de votre animal<\/h2>\t\t\t\t<\/div>\n\t\t\t\t<\/div>\n\t\t\t\t\t<\/div>\n\t\t<\/div>\n\t\t\t\t\t<\/div>\n\t\t<\/section>\n\t\t\t\t<div class=\"elementor-element elementor-element-634e01d2 de_scroll_animation_no elementor-widget elementor-widget-heading\" data-id=\"634e01d2\" data-element_type=\"widget\" data-widget_type=\"heading.default\">\n\t\t\t\t<div class=\"elementor-widget-container\">\n\t\t\t\t\t<h5 class=\"elementor-heading-title elementor-size-default\">OBJECTIFS<\/h5>\t\t\t\t<\/div>\n\t\t\t\t<\/div>\n\t\t\t\t<div class=\"elementor-element elementor-element-ec0afdf elementor-widget-divider--view-line de_scroll_animation_no elementor-widget elementor-widget-divider\" data-id=\"ec0afdf\" data-element_type=\"widget\" data-widget_type=\"divider.default\">\n\t\t\t\t<div class=\"elementor-widget-container\">\n\t\t\t\t\t\t\t<div class=\"elementor-divider\">\n\t\t\t<span class=\"elementor-divider-separator\">\n\t\t\t\t\t\t<\/span>\n\t\t<\/div>\n\t\t\t\t\t\t<\/div>\n\t\t\t\t<\/div>\n\t\t\t\t<div class=\"elementor-element elementor-element-5d3af46b de_scroll_animation_no elementor-widget elementor-widget-text-editor\" data-id=\"5d3af46b\" data-element_type=\"widget\" data-widget_type=\"text-editor.default\">\n\t\t\t\t<div class=\"elementor-widget-container\">\n\t\t\t\t\t\t\t\t\t<p>Je vous propose mes services pour immortaliser vos meilleurs moments de complicit\u00e9 avec votre animal de compagnie.<\/p><p>Tarif, organisation et pour toute demande particuli\u00e8re merci de me contacter par mail ou t\u00e9l\u00e9phone.<\/p>\t\t\t\t\t\t\t\t<\/div>\n\t\t\t\t<\/div>\n\t\t\t\t<div class=\"elementor-element elementor-element-29392fc de_scroll_animation_no elementor-widget elementor-widget-spacer\" data-id=\"29392fc\" data-element_type=\"widget\" data-widget_type=\"spacer.default\">\n\t\t\t\t<div class=\"elementor-widget-container\">\n\t\t\t\t\t\t\t<div class=\"elementor-spacer\">\n\t\t\t<div class=\"elementor-spacer-inner\"><\/div>\n\t\t<\/div>\n\t\t\t\t\t\t<\/div>\n\t\t\t\t<\/div>\n\t\t\t\t<div class=\"elementor-element elementor-element-188cd767 de_scroll_animation_no elementor-widget elementor-widget-heading\" data-id=\"188cd767\" data-element_type=\"widget\" data-widget_type=\"heading.default\">\n\t\t\t\t<div class=\"elementor-widget-container\">\n\t\t\t\t\t<h6 class=\"elementor-heading-title elementor-size-default\">La r\u00e9servation de stage se r\u00e9alise uniquement<br> par mail : <u>nicolastrabichetphotographie@gmail.com<\/u> ou par t\u00e9l\u00e9phone : <u>+(33) 6 34 82 77 06<\/u><\/h6>\t\t\t\t<\/div>\n\t\t\t\t<\/div>\n\t\t\t\t<div class=\"elementor-element elementor-element-6d118bca elementor-align-center de_scroll_animation_no elementor-widget elementor-widget-button\" data-id=\"6d118bca\" data-element_type=\"widget\" data-widget_type=\"button.default\">\n\t\t\t\t<div class=\"elementor-widget-container\">\n\t\t\t\t\t\t\t\t\t<div class=\"elementor-button-wrapper\">\n\t\t\t\t\t<a class=\"elementor-button elementor-button-link elementor-size-sm\" href=\"https:\/\/nicolastrabichet.com\/index.php\/contact\/\" target=\"_blank\" rel=\"nofollow\">\n\t\t\t\t\t\t<span class=\"elementor-button-content-wrapper\">\n\t\t\t\t\t\t\t\t\t<span class=\"elementor-button-text\">Cliquez ici<\/span>\n\t\t\t\t\t<\/span>\n\t\t\t\t\t<\/a>\n\t\t\t\t<\/div>\n\t\t\t\t\t\t\t\t<\/div>\n\t\t\t\t<\/div>\n\t\t\t\t\t<\/div>\n\t\t<\/div>\n\t\t\t\t<div class=\"elementor-column elementor-col-50 elementor-top-column elementor-element elementor-element-3055e0c3\" data-id=\"3055e0c3\" data-element_type=\"column\">\n\t\t\t<div class=\"elementor-widget-wrap elementor-element-populated\">\n\t\t\t\t\t\t<section class=\"elementor-section elementor-inner-section elementor-element elementor-element-46706ecb elementor-section-boxed elementor-section-height-default elementor-section-height-default\" data-id=\"46706ecb\" data-element_type=\"section\">\n\t\t\t\t\t\t<div class=\"elementor-container elementor-column-gap-no\">\n\t\t\t\t\t<div class=\"elementor-column elementor-col-100 elementor-inner-column elementor-element elementor-element-19a0519e\" data-id=\"19a0519e\" data-element_type=\"column\">\n\t\t\t<div class=\"elementor-widget-wrap\">\n\t\t\t\t\t\t\t<\/div>\n\t\t<\/div>\n\t\t\t\t\t<\/div>\n\t\t<\/section>\n\t\t\t\t<section class=\"elementor-section elementor-inner-section elementor-element elementor-element-928d243 elementor-section-boxed elementor-section-height-default elementor-section-height-default\" data-id=\"928d243\" data-element_type=\"section\">\n\t\t\t\t\t\t<div class=\"elementor-container elementor-column-gap-no\">\n\t\t\t\t\t<div class=\"elementor-column elementor-col-100 elementor-inner-column elementor-element elementor-element-f4d1e26\" data-id=\"f4d1e26\" data-element_type=\"column\" data-settings=\"{&quot;background_background&quot;:&quot;classic&quot;}\">\n\t\t\t<div class=\"elementor-widget-wrap elementor-element-populated\">\n\t\t\t\t\t<div class=\"elementor-background-overlay\"><\/div>\n\t\t\t\t\t\t<div class=\"elementor-element elementor-element-493ae7fa de_scroll_animation_no elementor-widget elementor-widget-heading\" data-id=\"493ae7fa\" data-element_type=\"widget\" data-widget_type=\"heading.default\">\n\t\t\t\t<div class=\"elementor-widget-container\">\n\t\t\t\t\t<h6 class=\"elementor-heading-title elementor-size-default\">INFORMATIONS<\/h6>\t\t\t\t<\/div>\n\t\t\t\t<\/div>\n\t\t\t\t<div class=\"elementor-element elementor-element-7c02ba4c elementor-widget-divider--view-line de_scroll_animation_no elementor-widget elementor-widget-divider\" data-id=\"7c02ba4c\" data-element_type=\"widget\" data-widget_type=\"divider.default\">\n\t\t\t\t<div class=\"elementor-widget-container\">\n\t\t\t\t\t\t\t<div class=\"elementor-divider\">\n\t\t\t<span class=\"elementor-divider-separator\">\n\t\t\t\t\t\t<\/span>\n\t\t<\/div>\n\t\t\t\t\t\t<\/div>\n\t\t\t\t<\/div>\n\t\t\t\t<div class=\"elementor-element elementor-element-23b16f34 elementor-align-left elementor-list-item-link-full_width de_scroll_animation_no elementor-widget elementor-widget-icon-list\" data-id=\"23b16f34\" data-element_type=\"widget\" data-widget_type=\"icon-list.default\">\n\t\t\t\t<div class=\"elementor-widget-container\">\n\t\t\t\t\t\t\t<ul class=\"elementor-icon-list-items\">\n\t\t\t\t\t\t\t<li class=\"elementor-icon-list-item\">\n\t\t\t\t\t\t\t\t\t\t\t<span class=\"elementor-icon-list-icon\">\n\t\t\t\t\t\t\t<svg xmlns=\"http:\/\/www.w3.org\/2000\/svg\" width=\"800px\" height=\"800px\" viewBox=\"-0.5 0 25 25\" fill=\"none\"><g id=\"SVGRepo_bgCarrier\" stroke-width=\"0\"><\/g><g id=\"SVGRepo_tracerCarrier\" stroke-linecap=\"round\" stroke-linejoin=\"round\" stroke=\"#CCCCCC\" stroke-width=\"0.05\"><\/g><g id=\"SVGRepo_iconCarrier\"><path d=\"M4.25 23.25L3.61533 22.8504C3.46982 23.0815 3.46143 23.3734 3.59342 23.6125C3.7254 23.8516 3.97691 24 4.25 24V23.25ZM12.75 9.75001L12.1552 9.29311C12.1411 9.31158 12.1277 9.33069 12.1153 9.3504L12.75 9.75001ZM14.75 9.75001L15.3847 9.3504C15.3723 9.33069 15.359 9.31158 15.3448 9.29311L14.75 9.75001ZM23.25 23.25V24C23.5231 24 23.7746 23.8516 23.9066 23.6125C24.0386 23.3734 24.0302 23.0815 23.8847 22.8504L23.25 23.25ZM4.88467 23.6496L13.3847 10.1496L12.1153 9.3504L3.61533 22.8504L4.88467 23.6496ZM13.3448 10.2069C13.3925 10.1448 13.4539 10.0945 13.5241 10.0598L12.861 8.71435C12.5845 8.85062 12.343 9.04864 12.1552 9.29311L13.3448 10.2069ZM13.5241 10.0598C13.5944 10.0252 13.6717 10.0072 13.75 10.0072V8.5072C13.4417 8.5072 13.1376 8.57808 12.861 8.71435L13.5241 10.0598ZM13.75 10.0072C13.8283 10.0072 13.9056 10.0252 13.9759 10.0598L14.639 8.71435C14.3624 8.57808 14.0583 8.5072 13.75 8.5072V10.0072ZM13.9759 10.0598C14.0462 10.0945 14.1075 10.1448 14.1552 10.2069L15.3448 9.29311C15.157 9.04864 14.9155 8.85062 14.639 8.71435L13.9759 10.0598ZM14.1153 10.1496L22.6153 23.6496L23.8847 22.8504L15.3847 9.3504L14.1153 10.1496ZM23.25 22.5H4.25V24H23.25V22.5Z\" fill=\"#261A08\"><\/path><path d=\"M4.24999 24C4.66421 24 4.99999 23.6642 4.99999 23.25C4.99999 22.8358 4.66421 22.5 4.24999 22.5L4.24999 24ZM0.75 23.25L0.094382 22.8858C-0.0346727 23.1181 -0.0311672 23.4013 0.103597 23.6303C0.238361 23.8594 0.484261 24 0.750001 24L0.75 23.25ZM4.5 16.5L5.09993 16.0499C4.94742 15.8466 4.70236 15.7344 4.44883 15.7517C4.1953 15.7691 3.96779 15.9136 3.84438 16.1358L4.5 16.5ZM6.07507 19.8491C6.32366 20.1804 6.79377 20.2475 7.1251 19.9989C7.45643 19.7503 7.52351 19.2802 7.27493 18.9489L6.07507 19.8491ZM4.24999 22.5L0.749999 22.5L0.750001 24L4.24999 24L4.24999 22.5ZM1.40562 23.6142L5.15562 16.8642L3.84438 16.1358L0.094382 22.8858L1.40562 23.6142ZM3.90007 16.9501L6.07507 19.8491L7.27493 18.9489L5.09993 16.0499L3.90007 16.9501Z\" fill=\"#261A08\"><\/path><path d=\"M9.18269 15.6088C8.86557 15.3423 8.39247 15.3834 8.126 15.7005C7.85953 16.0176 7.90058 16.4907 8.2177 16.7572L9.18269 15.6088ZM11.0482 18.156L11.5327 17.5835L11.5307 17.5818L11.0482 18.156ZM12.4012 18.1L12.9314 18.6305L12.9319 18.6299L12.4012 18.1ZM13.0432 17.457L12.5129 16.9266L12.5125 16.9271L13.0432 17.457ZM14.4572 17.457L14.9879 16.9271L14.9874 16.9266L14.4572 17.457ZM15.0992 18.1L14.5685 18.6299L14.569 18.6305L15.0992 18.1ZM16.4522 18.156L15.9697 17.5818L15.9676 17.5836L16.4522 18.156ZM19.2827 16.7572C19.5998 16.4907 19.6409 16.0176 19.3744 15.7005C19.1079 15.3834 18.6348 15.3423 18.3177 15.6088L19.2827 16.7572ZM8.2177 16.7572L10.5657 18.7302L11.5307 17.5818L9.18269 15.6088L8.2177 16.7572ZM10.5636 18.7285C10.8987 19.0121 11.3281 19.1594 11.7666 19.1412L11.7046 17.6425C11.6419 17.6451 11.5806 17.6241 11.5327 17.5836L10.5636 18.7285ZM11.7666 19.1412C12.2052 19.1231 12.6209 18.9408 12.9314 18.6305L11.871 17.5696C11.8266 17.6139 11.7673 17.6399 11.7046 17.6425L11.7666 19.1412ZM12.9319 18.6299L13.5739 17.9869L12.5125 16.9271L11.8705 17.5701L12.9319 18.6299ZM13.5734 17.9874C13.6203 17.9406 13.6839 17.9142 13.7502 17.9142V16.4142C13.2862 16.4142 12.8411 16.5985 12.5129 16.9266L13.5734 17.9874ZM13.7502 17.9142C13.8165 17.9142 13.8801 17.9406 13.9269 17.9874L14.9874 16.9266C14.6593 16.5985 14.2142 16.4142 13.7502 16.4142V17.9142ZM13.9265 17.9869L14.5685 18.6299L15.6299 17.5701L14.9879 16.9271L13.9265 17.9869ZM14.569 18.6305C14.8795 18.9408 15.2952 19.1231 15.7338 19.1412L15.7958 17.6425C15.7331 17.6399 15.6737 17.6139 15.6294 17.5696L14.569 18.6305ZM15.7338 19.1412C16.1723 19.1594 16.6017 19.0121 16.9367 18.7285L15.9676 17.5836C15.9198 17.6241 15.8584 17.6451 15.7958 17.6425L15.7338 19.1412ZM16.9347 18.7302L19.2827 16.7572L18.3177 15.6088L15.9697 17.5818L16.9347 18.7302Z\" fill=\"#261A08\"><\/path><path d=\"M12.75 9.288C12.75 9.70221 13.0858 10.038 13.5 10.038C13.9142 10.038 14.25 9.70221 14.25 9.288H12.75ZM14.25 0.75C14.25 0.335786 13.9142 0 13.5 0C13.0858 0 12.75 0.335786 12.75 0.75H14.25ZM14.25 9.288V0.75H12.75V9.288H14.25Z\" fill=\"#261A08\"><\/path><path d=\"M13.5 0C13.0858 0 12.75 0.335786 12.75 0.75C12.75 1.16421 13.0858 1.5 13.5 1.5V0ZM20.693 0.75L20.6968 0H20.693V0.75ZM21.159 1.05L20.4778 1.36396L20.4814 1.37159L21.159 1.05ZM21.096 1.605L20.5078 1.13973L20.5071 1.14062L21.096 1.605ZM19.959 3.047L19.3701 2.58262L19.3685 2.58459L19.959 3.047ZM19.959 3.703L19.3685 4.16541L19.3705 4.16798L19.959 3.703ZM21.1 5.147L21.6889 4.68257L21.6885 4.68202L21.1 5.147ZM21.163 5.703L20.4851 5.38209L20.4815 5.3899L21.163 5.703ZM20.697 6.003V6.75301L20.6999 6.75299L20.697 6.003ZM13.5 5.253C13.0858 5.253 12.75 5.58879 12.75 6.003C12.75 6.41721 13.0858 6.753 13.5 6.753V5.253ZM13.5 1.5H20.693V0H13.5V1.5ZM20.6892 1.49999C20.6447 1.49976 20.6011 1.48684 20.5637 1.46275L21.3757 0.201507C21.1732 0.0711324 20.9377 0.00123167 20.6968 9.65595e-06L20.6892 1.49999ZM20.5637 1.46275C20.5263 1.43865 20.4965 1.40437 20.4779 1.36394L21.8401 0.736056C21.7393 0.517322 21.5782 0.331883 21.3757 0.201507L20.5637 1.46275ZM20.4814 1.37159C20.4638 1.33433 20.4569 1.29287 20.4615 1.2519L21.9519 1.42108C21.9789 1.18395 21.9389 0.944018 21.8366 0.728411L20.4814 1.37159ZM20.4615 1.2519C20.4662 1.21093 20.4822 1.17207 20.5078 1.13973L21.6842 2.07027C21.8323 1.88309 21.925 1.65822 21.9519 1.42108L20.4615 1.2519ZM20.5071 1.14062L19.3701 2.58262L20.5479 3.51138L21.6849 2.06938L20.5071 1.14062ZM19.3685 2.58459C19.1918 2.81019 19.0959 3.08847 19.0959 3.375H20.5959C20.5959 3.42372 20.5795 3.47104 20.5495 3.50941L19.3685 2.58459ZM19.0959 3.375C19.0959 3.66153 19.1918 3.93981 19.3685 4.16541L20.5495 3.24059C20.5795 3.27896 20.5959 3.32628 20.5959 3.375H19.0959ZM19.3705 4.16798L20.5115 5.61198L21.6885 4.68202L20.5475 3.23802L19.3705 4.16798ZM20.5111 5.61142C20.4858 5.57941 20.47 5.54098 20.4654 5.50047L21.9559 5.33159C21.9291 5.09462 21.8366 4.86984 21.6889 4.68257L20.5111 5.61142ZM20.4654 5.50047C20.4609 5.45996 20.4677 5.41897 20.4851 5.38211L21.8409 6.02389C21.9429 5.80832 21.9828 5.56856 21.9559 5.33159L20.4654 5.50047ZM20.4815 5.3899C20.5002 5.34918 20.5301 5.31466 20.5678 5.29041L21.3798 6.55165C21.5826 6.42109 21.7438 6.23528 21.8445 6.0161L20.4815 5.3899ZM20.5678 5.29041C20.6055 5.26616 20.6493 5.25318 20.6941 5.25301L20.6999 6.75299C20.9411 6.75207 21.177 6.68221 21.3798 6.55165L20.5678 5.29041ZM20.697 5.253H13.5V6.753H20.697V5.253Z\" fill=\"#261A08\"><\/path><\/g><\/svg>\t\t\t\t\t\t<\/span>\n\t\t\t\t\t\t\t\t\t\t<span class=\"elementor-icon-list-text\">Chiens et chevaux<\/span>\n\t\t\t\t\t\t\t\t\t<\/li>\n\t\t\t\t\t\t\t\t<li class=\"elementor-icon-list-item\">\n\t\t\t\t\t\t\t\t\t\t\t<span class=\"elementor-icon-list-icon\">\n\t\t\t\t\t\t\t<svg xmlns=\"http:\/\/www.w3.org\/2000\/svg\" width=\"800px\" height=\"800px\" viewBox=\"0 0 24 24\" fill=\"none\"><g id=\"SVGRepo_bgCarrier\" stroke-width=\"0\"><\/g><g id=\"SVGRepo_tracerCarrier\" stroke-linecap=\"round\" stroke-linejoin=\"round\"><\/g><g id=\"SVGRepo_iconCarrier\"><path d=\"M3 9H21M7 3V5M17 3V5M6 12H8M11 12H13M16 12H18M6 15H8M11 15H13M16 15H18M6 18H8M11 18H13M16 18H18M6.2 21H17.8C18.9201 21 19.4802 21 19.908 20.782C20.2843 20.5903 20.5903 20.2843 20.782 19.908C21 19.4802 21 18.9201 21 17.8V8.2C21 7.07989 21 6.51984 20.782 6.09202C20.5903 5.71569 20.2843 5.40973 19.908 5.21799C19.4802 5 18.9201 5 17.8 5H6.2C5.0799 5 4.51984 5 4.09202 5.21799C3.71569 5.40973 3.40973 5.71569 3.21799 6.09202C3 6.51984 3 7.07989 3 8.2V17.8C3 18.9201 3 19.4802 3.21799 19.908C3.40973 20.2843 3.71569 20.5903 4.09202 20.782C4.51984 21 5.07989 21 6.2 21Z\" stroke=\"#261A08\" stroke-width=\"2\" stroke-linecap=\"round\"><\/path><\/g><\/svg>\t\t\t\t\t\t<\/span>\n\t\t\t\t\t\t\t\t\t\t<span class=\"elementor-icon-list-text\">Dates &amp; Horaires \u00e0 d\u00e9finir<\/span>\n\t\t\t\t\t\t\t\t\t<\/li>\n\t\t\t\t\t\t\t\t<li class=\"elementor-icon-list-item\">\n\t\t\t\t\t\t\t\t\t\t\t<span class=\"elementor-icon-list-icon\">\n\t\t\t\t\t\t\t<svg xmlns=\"http:\/\/www.w3.org\/2000\/svg\" width=\"800px\" height=\"800px\" viewBox=\"0 0 24 24\" fill=\"none\"><g id=\"SVGRepo_bgCarrier\" stroke-width=\"0\"><\/g><g id=\"SVGRepo_tracerCarrier\" stroke-linecap=\"round\" stroke-linejoin=\"round\"><\/g><g id=\"SVGRepo_iconCarrier\"><path fill-rule=\"evenodd\" clip-rule=\"evenodd\" d=\"M5 9.5C5 6.09371 8.00993 3 12 3C15.9901 3 19 6.09371 19 9.5C19 11.6449 17.6877 14.0406 15.9606 16.2611C14.5957 18.016 13.0773 19.5329 12 20.5944C10.9227 19.5329 9.40427 18.016 8.03935 16.2611C6.31229 14.0406 5 11.6449 5 9.5ZM12 1C6.99007 1 3 4.90629 3 9.5C3 12.3551 4.68771 15.2094 6.46065 17.4889C7.99487 19.4615 9.7194 21.1574 10.7973 22.2173C10.9831 22.4001 11.1498 22.564 11.2929 22.7071C11.4804 22.8946 11.7348 23 12 23C12.2652 23 12.5196 22.8946 12.7071 22.7071C12.8502 22.564 13.0169 22.4001 13.2027 22.2174L13.2028 22.2173C14.2806 21.1573 16.0051 19.4615 17.5394 17.4889C19.3123 15.2094 21 12.3551 21 9.5C21 4.90629 17.0099 1 12 1ZM12 12.5C13.3807 12.5 14.5 11.3807 14.5 10C14.5 8.61929 13.3807 7.5 12 7.5C10.6193 7.5 9.5 8.61929 9.5 10C9.5 11.3807 10.6193 12.5 12 12.5Z\" fill=\"#261A08\"><\/path><\/g><\/svg>\t\t\t\t\t\t<\/span>\n\t\t\t\t\t\t\t\t\t\t<span class=\"elementor-icon-list-text\">Lieu \u00e0 d\u00e9finir<\/span>\n\t\t\t\t\t\t\t\t\t<\/li>\n\t\t\t\t\t\t<\/ul>\n\t\t\t\t\t\t<\/div>\n\t\t\t\t<\/div>\n\t\t\t\t\t<\/div>\n\t\t<\/div>\n\t\t\t\t\t<\/div>\n\t\t<\/section>\n\t\t\t\t\t<\/div>\n\t\t<\/div>\n\t\t\t\t\t<\/div>\n\t\t<\/section>\n\t\t<div class=\"elementor-element elementor-element-356133a6 e-flex e-con-boxed e-con e-parent\" data-id=\"356133a6\" data-element_type=\"container\" data-settings=\"{&quot;background_background&quot;:&quot;classic&quot;}\">\n\t\t\t\t\t<div class=\"e-con-inner\">\n\t\t\t\t<div class=\"elementor-element elementor-element-2012d3e8 elementor-pagination-position-outside elementor--h-position-center elementor--v-position-middle elementor-arrows-position-inside de_scroll_animation_no elementor-widget elementor-widget-slides\" data-id=\"2012d3e8\" data-element_type=\"widget\" data-settings=\"{&quot;navigation&quot;:&quot;both&quot;,&quot;autoplay&quot;:&quot;yes&quot;,&quot;pause_on_hover&quot;:&quot;yes&quot;,&quot;pause_on_interaction&quot;:&quot;yes&quot;,&quot;autoplay_speed&quot;:5000,&quot;infinite&quot;:&quot;yes&quot;,&quot;transition&quot;:&quot;slide&quot;,&quot;transition_speed&quot;:500}\" data-widget_type=\"slides.default\">\n\t\t\t\t<div class=\"elementor-widget-container\">\n\t\t\t\t\t\t\t\t\t<div class=\"elementor-swiper\">\n\t\t\t\t\t<div class=\"elementor-slides-wrapper elementor-main-swiper swiper\" role=\"region\" aria-roledescription=\"carousel\" aria-label=\"Slides\" dir=\"ltr\" data-animation=\"\">\n\t\t\t\t<div class=\"swiper-wrapper elementor-slides\">\n\t\t\t\t\t\t\t\t\t\t<div class=\"elementor-repeater-item-2a3f0a6 swiper-slide\" role=\"group\" aria-roledescription=\"slide\"><div class=\"swiper-slide-bg\" role=\"img\" aria-label=\"IMG_9351 2\"><\/div><div class=\"swiper-slide-inner\" ><div class=\"swiper-slide-contents\"><\/div><\/div><\/div><div class=\"elementor-repeater-item-3020aa3 swiper-slide\" role=\"group\" aria-roledescription=\"slide\"><div class=\"swiper-slide-bg\" role=\"img\" aria-label=\"IMG_9350\"><\/div><div class=\"swiper-slide-inner\" ><div class=\"swiper-slide-contents\"><\/div><\/div><\/div>\t\t\t\t<\/div>\n\t\t\t\t\t\t\t\t\t\t\t\t\t\t\t<div class=\"elementor-swiper-button elementor-swiper-button-prev\" role=\"button\" tabindex=\"0\" aria-label=\"Previous slide\">\n\t\t\t\t\t\t\t<svg aria-hidden=\"true\" class=\"e-font-icon-svg e-eicon-chevron-left\" viewBox=\"0 0 1000 1000\" xmlns=\"http:\/\/www.w3.org\/2000\/svg\"><path d=\"M646 125C629 125 613 133 604 142L308 442C296 454 292 471 292 487 292 504 296 521 308 533L604 854C617 867 629 875 646 875 663 875 679 871 692 858 704 846 713 829 713 812 713 796 708 779 692 767L438 487 692 225C700 217 708 204 708 187 708 171 704 154 692 142 675 129 663 125 646 125Z\"><\/path><\/svg>\t\t\t\t\t\t<\/div>\n\t\t\t\t\t\t<div class=\"elementor-swiper-button elementor-swiper-button-next\" role=\"button\" tabindex=\"0\" aria-label=\"Next slide\">\n\t\t\t\t\t\t\t<svg aria-hidden=\"true\" class=\"e-font-icon-svg e-eicon-chevron-right\" viewBox=\"0 0 1000 1000\" xmlns=\"http:\/\/www.w3.org\/2000\/svg\"><path d=\"M696 533C708 521 713 504 713 487 713 471 708 454 696 446L400 146C388 133 375 125 354 125 338 125 325 129 313 142 300 154 292 171 292 187 292 204 296 221 308 233L563 492 304 771C292 783 288 800 288 817 288 833 296 850 308 863 321 871 338 875 354 875 371 875 388 867 400 854L696 533Z\"><\/path><\/svg>\t\t\t\t\t\t<\/div>\n\t\t\t\t\t\t\t\t\t\t\t\t\t\t\t\t<div class=\"swiper-pagination\"><\/div>\n\t\t\t\t\t\t\t\t\t\t\t\t<\/div>\n\t\t\t\t<\/div>\n\t\t\t\t\t\t\t\t<\/div>\n\t\t\t\t<\/div>\n\t\t\t\t\t<\/div>\n\t\t\t\t<\/div>\n\t\t\t\t<\/div>\n\t\t","protected":false},"excerpt":{"rendered":"<p>R\u00e9servation Shooting de votre animal OBJECTIFS Je vous propose mes services pour immortaliser vos meilleurs moments de complicit\u00e9 avec votre animal de compagnie. Tarif, organisation et pour toute demande particuli\u00e8re merci de me contacter par mail ou t\u00e9l\u00e9phone. La r\u00e9servation de stage se r\u00e9alise uniquement par mail : nicolastrabichetphotographie@gmail.com ou par t\u00e9l\u00e9phone : +(33) 6 [&hellip;]<\/p>\n","protected":false},"author":2,"featured_media":0,"parent":300,"menu_order":0,"comment_status":"closed","ping_status":"closed","template":"elementor_header_footer","meta":{"footnotes":""},"class_list":["post-500","page","type-page","status-publish","hentry"],"aioseo_notices":[],"jetpack_sharing_enabled":true,"_links":{"self":[{"href":"https:\/\/nicolastrabichet.com\/index.php\/wp-json\/wp\/v2\/pages\/500","targetHints":{"allow":["GET"]}}],"collection":[{"href":"https:\/\/nicolastrabichet.com\/index.php\/wp-json\/wp\/v2\/pages"}],"about":[{"href":"https:\/\/nicolastrabichet.com\/index.php\/wp-json\/wp\/v2\/types\/page"}],"author":[{"embeddable":true,"href":"https:\/\/nicolastrabichet.com\/index.php\/wp-json\/wp\/v2\/users\/2"}],"replies":[{"embeddable":true,"href":"https:\/\/nicolastrabichet.com\/index.php\/wp-json\/wp\/v2\/comments?post=500"}],"version-history":[{"count":25,"href":"https:\/\/nicolastrabichet.com\/index.php\/wp-json\/wp\/v2\/pages\/500\/revisions"}],"predecessor-version":[{"id":2467,"href":"https:\/\/nicolastrabichet.com\/index.php\/wp-json\/wp\/v2\/pages\/500\/revisions\/2467"}],"up":[{"embeddable":true,"href":"https:\/\/nicolastrabichet.com\/index.php\/wp-json\/wp\/v2\/pages\/300"}],"wp:attachment":[{"href":"https:\/\/nicolastrabichet.com\/index.php\/wp-json\/wp\/v2\/media?parent=500"}],"curies":[{"name":"wp","href":"https:\/\/api.w.org\/{rel}","templated":true}]}}