{"id":2062,"date":"2024-04-24T15:46:50","date_gmt":"2024-04-24T13:46:50","guid":{"rendered":"https:\/\/nicolastrabichet.com\/?post_type=product&#038;p=2062"},"modified":"2024-05-06T16:23:36","modified_gmt":"2024-05-06T14:23:36","slug":"deux-freres","status":"publish","type":"product","link":"https:\/\/nicolastrabichet.com\/index.php\/product\/deux-freres\/","title":{"rendered":"Deux fr\u00e8res"},"content":{"rendered":"<p><span style=\"font-family: Helvetica Neue; font-size: large;\"><b>Tirage sur papier Fujifilm satin\u00e9\u00a0<\/b><\/span><\/p>\n<p><span style=\"font-family: Helvetica Neue; font-size: large;\">Le poster photo classique avec la trame fine de la soie offre un toucher particulier. La surface satin\u00e9e est utilis\u00e9e dans la publicit\u00e9 et la photographie de portrait et assure une excellente reproduction des couleurs et une stabilit\u00e9 durable de l&#8217;image.<\/span><\/p>\n<p><span style=\"font-family: Helvetica Neue; font-size: large;\">\u00a0<b>Avantages :<\/b>\u00a0<\/span><\/p>\n<ul>\n<li><span style=\"font-family: Helvetica Neue; font-size: large;\">\u00a0Excellente reproduction des couleurs<\/span><\/li>\n<li><span style=\"font-family: Helvetica Neue; font-size: large;\">Qualit\u00e9 de poster \u00e9tonnante<\/span><\/li>\n<\/ul>\n<p><span style=\"font-family: Helvetica Neue; font-size: large;\"><b>Tirage sur papier Fujifilm Mat<\/b><\/span><\/p>\n<p><span style=\"font-family: Helvetica Neue; font-size: large;\">Le papier professionnel FUJIFILM finition Mat est un papier photo particuli\u00e8rement r\u00e9sistant et \u00e9pais aux halog\u00e9nures d\u2019argent con\u00e7u sp\u00e9cialement pour les agrandissements num\u00e9riques de qualit\u00e9 pour Poster ou affiches.<\/span><\/p>\n<p><span style=\"font-family: Helvetica Neue; font-size: large;\"><b>Avantages :\u00a0<\/b><\/span><\/p>\n<ul>\n<li><span style=\"font-family: Helvetica Neue; font-size: large;\">Tr\u00e8s haute nettet\u00e9<b>\u00a0<\/b><\/span><\/li>\n<li><span style=\"font-family: Helvetica Neue; font-size: large;\">Haute d\u00e9fintion des images<\/span><\/li>\n<li><span style=\"font-family: Helvetica Neue; font-size: large;\">Reproduction parfaite des couleurs\u00a0<\/span><\/li>\n<\/ul>\n<p><span style=\"font-family: Helvetica Neue; font-size: large;\"><b>Impression sur Aluminium<\/b><\/span><\/p>\n<p><span style=\"font-family: Helvetica Neue; font-size: large;\">Gr\u00e2ce \u00e0 une impression directe UV nouvelle g\u00e9n\u00e9ration 7 couleurs, comprenant \u00e9galement les couleurs claires (habituellement seulement 4 couleurs), vous obtiendrez une intensit\u00e9 de couleur impressionnante, dans une r\u00e9solution et avec une nettet\u00e9 maximale (sans pixellisation). M\u00eame sur une tr\u00e8s grande surface mate, les couleurs sont tr\u00e8s vives et rayonnantes. Les nuances sont reproduites en haute d\u00e9finition et dans le respect des d\u00e9tails.<\/span><\/p>\n<p><span style=\"font-family: Helvetica Neue; font-size: large;\"><b>Avantages :\u00a0<\/b><\/span><\/p>\n<ul>\n<li><span style=\"font-family: Helvetica Neue; font-size: large;\">Stable, rigide et r\u00e9sistant aux intemp\u00e9ries\u00a0<\/span><\/li>\n<li><span style=\"font-family: Helvetica Neue; font-size: large;\">Couleurs vive et rayonnante\u00a0<\/span><\/li>\n<li><span style=\"font-family: Helvetica Neue; font-size: large;\">R\u00e9solution et nettet\u00e9 maximale\u00a0<\/span><\/li>\n<\/ul>\n","protected":false},"excerpt":{"rendered":"<p>Tirage sur papier Fujifilm satin\u00e9\u00a0 Le poster photo classique avec la trame fine de la soie offre un toucher particulier. La surface satin\u00e9e est utilis\u00e9e dans la publicit\u00e9 et la photographie de portrait et assure une excellente reproduction des couleurs et une stabilit\u00e9 durable de l&#8217;image. \u00a0Avantages :\u00a0 \u00a0Excellente reproduction des couleurs Qualit\u00e9 de poster [&hellip;]<\/p>\n","protected":false},"featured_media":750,"template":"","meta":[],"product_brand":[],"product_cat":[54],"product_tag":[],"class_list":{"0":"post-2062","1":"product","2":"type-product","3":"status-publish","4":"has-post-thumbnail","6":"product_cat-renard","8":"first","9":"instock","10":"shipping-taxable","11":"purchasable","12":"product-type-variable"},"aioseo_notices":[],"jetpack_sharing_enabled":true,"_links":{"self":[{"href":"https:\/\/nicolastrabichet.com\/index.php\/wp-json\/wp\/v2\/product\/2062","targetHints":{"allow":["GET"]}}],"collection":[{"href":"https:\/\/nicolastrabichet.com\/index.php\/wp-json\/wp\/v2\/product"}],"about":[{"href":"https:\/\/nicolastrabichet.com\/index.php\/wp-json\/wp\/v2\/types\/product"}],"version-history":[{"count":3,"href":"https:\/\/nicolastrabichet.com\/index.php\/wp-json\/wp\/v2\/product\/2062\/revisions"}],"predecessor-version":[{"id":2285,"href":"https:\/\/nicolastrabichet.com\/index.php\/wp-json\/wp\/v2\/product\/2062\/revisions\/2285"}],"wp:featuredmedia":[{"embeddable":true,"href":"https:\/\/nicolastrabichet.com\/index.php\/wp-json\/wp\/v2\/media\/750"}],"wp:attachment":[{"href":"https:\/\/nicolastrabichet.com\/index.php\/wp-json\/wp\/v2\/media?parent=2062"}],"wp:term":[{"taxonomy":"product_brand","embeddable":true,"href":"https:\/\/nicolastrabichet.com\/index.php\/wp-json\/wp\/v2\/product_brand?post=2062"},{"taxonomy":"product_cat","embeddable":true,"href":"https:\/\/nicolastrabichet.com\/index.php\/wp-json\/wp\/v2\/product_cat?post=2062"},{"taxonomy":"product_tag","embeddable":true,"href":"https:\/\/nicolastrabichet.com\/index.php\/wp-json\/wp\/v2\/product_tag?post=2062"}],"curies":[{"name":"wp","href":"https:\/\/api.w.org\/{rel}","templated":true}]}}